{"id":2274,"date":"2022-07-27T16:05:19","date_gmt":"2022-07-27T21:05:19","guid":{"rendered":"https:\/\/trans-pro.com\/?page_id=2274"},"modified":"2023-06-20T19:43:19","modified_gmt":"2023-06-21T00:43:19","slug":"politique-confidentialite","status":"publish","type":"page","link":"https:\/\/fr.trans-pro.com\/fr\/politique-confidentialite\/","title":{"rendered":"Politique de confidentialit\u00e9"},"content":{"rendered":"\t\t<section  class=\"text-block section-block\" data-scroll-section>\n\t\t\t<div class=\"container\">\n\t\t\t\t<div class=\"row\">\n\t\t\t\t\t<div class=\"col-sm-10 offset-sm-1 content\">\n\t\t\t\t\t\t<h1 class=\"title-1\">Politique de confidentialit\u00e9<\/h1>\n\t\t\t\t\t\t\t\t\t\t\t\t\t<p>Derni\u00e8re mise \u00e0 jour le 29 mai 2023<br \/>\nDate d&#8217;entr\u00e9e en vigueur 29 mai 2023<\/p>\n<p>Cette politique de confidentialit\u00e9 d\u00e9crit les politiques de Trans-Pro Logistics, 407 rue McGill, Qu\u00e9bec H2Y 2G3, Canada, courriel : info@trans-pro.com, t\u00e9l\u00e9phone : (800) 463-7532 sur la collecte, l&#8217;utilisation et la divulgation de vos informations que nous collectons lorsque vous utilisez notre site Internet ( trans-pro.com ). (le service&#8221;). En acc\u00e9dant ou en utilisant le Service, vous consentez \u00e0 la collecte, \u00e0 l&#8217;utilisation et \u00e0 la divulgation de vos informations conform\u00e9ment \u00e0 la pr\u00e9sente Politique de confidentialit\u00e9. Si vous ne consentez pas \u00e0 la m\u00eame chose, veuillez ne pas acc\u00e9der ou utiliser le Service.<\/p>\n<p>Nous pouvons modifier cette politique de confidentialit\u00e9 \u00e0 tout moment sans pr\u00e9avis et publierons la politique de confidentialit\u00e9 r\u00e9vis\u00e9e sur le service. La politique r\u00e9vis\u00e9e entrera en vigueur 180 jours \u00e0 compter de la publication de la politique r\u00e9vis\u00e9e dans le service et votre acc\u00e8s ou utilisation continus du service apr\u00e8s cette p\u00e9riode constituera votre acceptation de la politique de confidentialit\u00e9 r\u00e9vis\u00e9e. Nous vous recommandons donc de consulter p\u00e9riodiquement cette page.<\/p>\n<p><strong>Informations que nous recueillons :<\/strong><br \/>\nNous collecterons et traiterons les informations personnelles suivantes vous concernant :<\/p>\n<ul>\n<li>Nom<\/li>\n<li>E-mail<\/li>\n<li>Mobile<\/li>\n<li>Nom de l&#8217;entreprise<\/li>\n<\/ul>\n<p><strong>Comment nous utilisons vos informations :<\/strong><br \/>\nNous utiliserons les informations que nous recueillons \u00e0 votre sujet aux fins suivantes :<\/p>\n<ul>\n<li>Soutien<\/li>\n<li>G\u00e9rer la commande client<\/li>\n<\/ul>\n<p>Si nous souhaitons utiliser vos informations \u00e0 d&#8217;autres fins, nous vous demanderons votre consentement et n&#8217;utiliserons vos informations qu&#8217;apr\u00e8s avoir re\u00e7u votre consentement, puis uniquement aux fins pour lesquelles nous accordons votre consentement, sauf si nous sommes tenus de faire autrement par loi.<\/p>\n<p><strong>Conservation de vos informations :<\/strong><br \/>\nNous conserverons vos informations personnelles avec nous pendant 90 jours \u00e0 2 ans apr\u00e8s que les comptes d&#8217;utilisateurs restent inactifs ou aussi longtemps que nous en aurons besoin pour remplir les objectifs pour lesquels ils ont \u00e9t\u00e9 collect\u00e9s, comme indiqu\u00e9 dans la pr\u00e9sente politique de confidentialit\u00e9. Nous pouvons \u00eatre amen\u00e9s \u00e0 conserver certaines informations pendant des p\u00e9riodes plus longues telles que la tenue de registres\/rapports conform\u00e9ment \u00e0 la loi applicable ou pour d&#8217;autres raisons l\u00e9gitimes telles que l&#8217;application des droits l\u00e9gaux, la pr\u00e9vention de la fraude, etc. Les informations anonymes r\u00e9siduelles et les informations agr\u00e9g\u00e9es, qui ne vous identifient pas (directement ou indirectement), peuvent \u00eatre stock\u00e9es ind\u00e9finiment.<\/p>\n<p><strong>Tes droits:<\/strong><br \/>\nSelon la loi applicable, vous pouvez avoir un droit d&#8217;acc\u00e8s et de rectification ou d&#8217;effacement de vos donn\u00e9es personnelles ou recevoir une copie de vos donn\u00e9es personnelles, restreindre ou vous opposer au traitement actif de vos donn\u00e9es, nous demander de partager (porter) vos donn\u00e9es personnelles informations \u00e0 une autre entit\u00e9, retirer tout consentement que vous nous avez fourni pour traiter vos donn\u00e9es, un droit de d\u00e9poser une plainte aupr\u00e8s d&#8217;une autorit\u00e9 statutaire et tout autre droit qui peut \u00eatre pertinent en vertu des lois applicables. Pour exercer ces droits, vous pouvez nous \u00e9crire \u00e0 info@trans-pro.com. Nous r\u00e9pondrons \u00e0 votre demande conform\u00e9ment \u00e0 la loi applicable.<\/p>\n<p>Vous pouvez vous d\u00e9sinscrire des communications de marketing direct ou du profilage que nous effectuons \u00e0 des fins de marketing en nous \u00e9crivant \u00e0 info@trans-pro.com.<\/p>\n<p>Notez que si vous ne nous autorisez pas \u00e0 collecter ou \u00e0 traiter les informations personnelles requises ou si vous retirez le consentement \u00e0 les traiter aux fins requises, vous ne pourrez peut-\u00eatre pas acc\u00e9der ou utiliser les services pour lesquels vos informations ont \u00e9t\u00e9 recherch\u00e9es.<\/p>\n<p><strong>Cookies Etc<\/strong><br \/>\nPour en savoir plus sur la fa\u00e7on dont nous les utilisons et sur vos choix par rapport \u00e0 ces technologies de suivi, veuillez consulter notre <a href=\"https:\/\/trans-pro.com\/fr\/politique-en-matiere-de-cookies\/\" target=\"_blank\" rel=\"noopener\">Politique relative aux cookies<\/a>.<\/p>\n<p><strong>S\u00e9curit\u00e9:<\/strong><br \/>\nLa s\u00e9curit\u00e9 de vos informations est importante pour nous et nous utiliserons des mesures de s\u00e9curit\u00e9 raisonnables pour emp\u00eacher la perte, l&#8217;utilisation abusive ou la modification non autoris\u00e9e de vos informations sous notre contr\u00f4le. Cependant, compte tenu des risques inh\u00e9rents, nous ne pouvons garantir une s\u00e9curit\u00e9 absolue et par cons\u00e9quent, nous ne pouvons assurer ou garantir la s\u00e9curit\u00e9 des informations que vous nous transmettez et vous le faites \u00e0 vos risques et p\u00e9rils.<\/p>\n<p><strong>Grief \/ D\u00e9l\u00e9gu\u00e9 \u00e0 la protection des donn\u00e9es :<\/strong><br \/>\nSi vous avez des questions ou des pr\u00e9occupations concernant le traitement de vos informations disponibles chez nous, vous pouvez envoyer un e-mail \u00e0 notre agent des griefs \u00e0 Trans-Pro Logistics, 407 McGill Street, e-mail : info@trans-pro.com. Nous r\u00e9pondrons \u00e0 vos pr\u00e9occupations conform\u00e9ment \u00e0 la loi applicable.<\/p>\n\t\t\t\t\t\t\t\t\t\t\t<\/div>\n\t\t\t\t<\/div>\n\t\t\t<\/div>\n\t\t<\/section>\n\t","protected":false},"excerpt":{"rendered":"","protected":false},"author":9,"featured_media":0,"parent":0,"menu_order":56,"comment_status":"closed","ping_status":"closed","template":"","meta":{"_acf_changed":false,"footnotes":""},"acf":[],"yoast_head":"<!-- This site is optimized with the Yoast SEO plugin v22.7 - https:\/\/yoast.com\/wordpress\/plugins\/seo\/ -->\n<title>Politique de confidentialit\u00e9 - Trans-Pro<\/title>\n<meta name=\"description\" content=\"Cliquez ici pour voir la confidentialit\u00e9 de Trans-Pro. En savoir plus sur notre politique de s\u00e9curit\u00e9 et plus encore.\" \/>\n<meta name=\"robots\" content=\"index, follow, max-snippet:-1, max-image-preview:large, max-video-preview:-1\" \/>\n<link rel=\"canonical\" href=\"https:\/\/fr.trans-pro.com\/fr\/politique-confidentialite\/\" \/>\n<meta property=\"og:locale\" content=\"fr_FR\" \/>\n<meta property=\"og:type\" content=\"article\" \/>\n<meta property=\"og:title\" content=\"Politique de confidentialit\u00e9 - Trans-Pro\" \/>\n<meta property=\"og:description\" content=\"Cliquez ici pour voir la confidentialit\u00e9 de Trans-Pro. En savoir plus sur notre politique de s\u00e9curit\u00e9 et plus encore.\" \/>\n<meta property=\"og:url\" content=\"https:\/\/fr.trans-pro.com\/fr\/politique-confidentialite\/\" \/>\n<meta property=\"og:site_name\" content=\"Trans-Pro\" \/>\n<meta property=\"article:modified_time\" content=\"2023-06-21T00:43:19+00:00\" \/>\n<meta name=\"twitter:card\" content=\"summary_large_image\" \/>\n<script type=\"application\/ld+json\" class=\"yoast-schema-graph\">{\"@context\":\"https:\/\/schema.org\",\"@graph\":[{\"@type\":\"WebPage\",\"@id\":\"https:\/\/fr.trans-pro.com\/fr\/politique-confidentialite\/\",\"url\":\"https:\/\/fr.trans-pro.com\/fr\/politique-confidentialite\/\",\"name\":\"Politique de confidentialit\u00e9 - Trans-Pro\",\"isPartOf\":{\"@id\":\"https:\/\/fr.trans-pro.com\/fr\/#website\"},\"datePublished\":\"2022-07-27T21:05:19+00:00\",\"dateModified\":\"2023-06-21T00:43:19+00:00\",\"description\":\"Cliquez ici pour voir la confidentialit\u00e9 de Trans-Pro. En savoir plus sur notre politique de s\u00e9curit\u00e9 et plus encore.\",\"breadcrumb\":{\"@id\":\"https:\/\/fr.trans-pro.com\/fr\/politique-confidentialite\/#breadcrumb\"},\"inLanguage\":\"fr-FR\",\"potentialAction\":[{\"@type\":\"ReadAction\",\"target\":[\"https:\/\/fr.trans-pro.com\/fr\/politique-confidentialite\/\"]}]},{\"@type\":\"BreadcrumbList\",\"@id\":\"https:\/\/fr.trans-pro.com\/fr\/politique-confidentialite\/#breadcrumb\",\"itemListElement\":[{\"@type\":\"ListItem\",\"position\":1,\"name\":\"Home\",\"item\":\"https:\/\/www.trans-pro.com\/fr\/\"},{\"@type\":\"ListItem\",\"position\":2,\"name\":\"Politique de confidentialit\u00e9\"}]},{\"@type\":\"WebSite\",\"@id\":\"https:\/\/fr.trans-pro.com\/fr\/#website\",\"url\":\"https:\/\/fr.trans-pro.com\/fr\/\",\"name\":\"Trans-Pro\",\"description\":\"Just another WordPress site\",\"potentialAction\":[{\"@type\":\"SearchAction\",\"target\":{\"@type\":\"EntryPoint\",\"urlTemplate\":\"https:\/\/fr.trans-pro.com\/fr\/?s={search_term_string}\"},\"query-input\":\"required name=search_term_string\"}],\"inLanguage\":\"fr-FR\"}]}<\/script>\n<!-- \/ Yoast SEO plugin. -->","yoast_head_json":{"title":"Politique de confidentialit\u00e9 - Trans-Pro","description":"Cliquez ici pour voir la confidentialit\u00e9 de Trans-Pro. En savoir plus sur notre politique de s\u00e9curit\u00e9 et plus encore.","robots":{"index":"index","follow":"follow","max-snippet":"max-snippet:-1","max-image-preview":"max-image-preview:large","max-video-preview":"max-video-preview:-1"},"canonical":"https:\/\/fr.trans-pro.com\/fr\/politique-confidentialite\/","og_locale":"fr_FR","og_type":"article","og_title":"Politique de confidentialit\u00e9 - Trans-Pro","og_description":"Cliquez ici pour voir la confidentialit\u00e9 de Trans-Pro. En savoir plus sur notre politique de s\u00e9curit\u00e9 et plus encore.","og_url":"https:\/\/fr.trans-pro.com\/fr\/politique-confidentialite\/","og_site_name":"Trans-Pro","article_modified_time":"2023-06-21T00:43:19+00:00","twitter_card":"summary_large_image","schema":{"@context":"https:\/\/schema.org","@graph":[{"@type":"WebPage","@id":"https:\/\/fr.trans-pro.com\/fr\/politique-confidentialite\/","url":"https:\/\/fr.trans-pro.com\/fr\/politique-confidentialite\/","name":"Politique de confidentialit\u00e9 - Trans-Pro","isPartOf":{"@id":"https:\/\/fr.trans-pro.com\/fr\/#website"},"datePublished":"2022-07-27T21:05:19+00:00","dateModified":"2023-06-21T00:43:19+00:00","description":"Cliquez ici pour voir la confidentialit\u00e9 de Trans-Pro. En savoir plus sur notre politique de s\u00e9curit\u00e9 et plus encore.","breadcrumb":{"@id":"https:\/\/fr.trans-pro.com\/fr\/politique-confidentialite\/#breadcrumb"},"inLanguage":"fr-FR","potentialAction":[{"@type":"ReadAction","target":["https:\/\/fr.trans-pro.com\/fr\/politique-confidentialite\/"]}]},{"@type":"BreadcrumbList","@id":"https:\/\/fr.trans-pro.com\/fr\/politique-confidentialite\/#breadcrumb","itemListElement":[{"@type":"ListItem","position":1,"name":"Home","item":"https:\/\/www.trans-pro.com\/fr\/"},{"@type":"ListItem","position":2,"name":"Politique de confidentialit\u00e9"}]},{"@type":"WebSite","@id":"https:\/\/fr.trans-pro.com\/fr\/#website","url":"https:\/\/fr.trans-pro.com\/fr\/","name":"Trans-Pro","description":"Just another WordPress site","potentialAction":[{"@type":"SearchAction","target":{"@type":"EntryPoint","urlTemplate":"https:\/\/fr.trans-pro.com\/fr\/?s={search_term_string}"},"query-input":"required name=search_term_string"}],"inLanguage":"fr-FR"}]}},"_links":{"self":[{"href":"https:\/\/fr.trans-pro.com\/fr\/wp-json\/wp\/v2\/pages\/2274"}],"collection":[{"href":"https:\/\/fr.trans-pro.com\/fr\/wp-json\/wp\/v2\/pages"}],"about":[{"href":"https:\/\/fr.trans-pro.com\/fr\/wp-json\/wp\/v2\/types\/page"}],"author":[{"embeddable":true,"href":"https:\/\/fr.trans-pro.com\/fr\/wp-json\/wp\/v2\/users\/9"}],"replies":[{"embeddable":true,"href":"https:\/\/fr.trans-pro.com\/fr\/wp-json\/wp\/v2\/comments?post=2274"}],"version-history":[{"count":5,"href":"https:\/\/fr.trans-pro.com\/fr\/wp-json\/wp\/v2\/pages\/2274\/revisions"}],"predecessor-version":[{"id":2743,"href":"https:\/\/fr.trans-pro.com\/fr\/wp-json\/wp\/v2\/pages\/2274\/revisions\/2743"}],"wp:attachment":[{"href":"https:\/\/fr.trans-pro.com\/fr\/wp-json\/wp\/v2\/media?parent=2274"}],"curies":[{"name":"wp","href":"https:\/\/api.w.org\/{rel}","templated":true}]}}