{"id":146,"date":"2022-06-29T15:50:54","date_gmt":"2022-06-29T15:50:54","guid":{"rendered":"https:\/\/trans-pro.com\/ressources\/"},"modified":"2022-11-21T21:04:22","modified_gmt":"2022-11-21T21:04:22","slug":"ressources","status":"publish","type":"page","link":"https:\/\/fr.trans-pro.com\/fr\/ressources\/","title":{"rendered":"Ressources"},"content":{"rendered":"\t\t<section  class=\"page-title\" data-scroll-section>\n\t\t\t<div class=\"container\">\n\t\t\t\t<div class=\"row\">\n\t\t\t\t\t<div class=\"col-md-12\">\n\t\t\t\t\t\t<div class=\"title\">\n\t\t\t\t\t\t\t<h1 class=\"title-1\">Resources<\/h1>\t\t\t\t\t\t<\/div>\n\t\t\t\t\t<\/div>\n\t\t\t\t<\/div>\n\t\t\t<\/div>\n\t\t<\/section>\n\t\n\n\n\t<section  class=\"document-list section-block\" data-scroll-section >\n\t\t<div class=\"container\">\n\t\t\t<div class=\"row\">\n\n\t\t\t\n\t\t\t\t<div class=\"col-12 list-wrapper\" data-close>\n\t\t\t\t\t<div class=\"title\" data-close-controler>\n\t\t\t\t\t\t<div class=\"main-title title-2\">\n\t\t\t\t\t\t\tPour Transporteurs\t\t\t\t\t\t<\/div>\n\t\t\t\t\t\t<button type=\"button\" class=\"button-round-toggle reversed\" document.btn_toggle.aria_label>\n\t\t\t\t\t\t\t<span class=\"icon-wrapper\"><\/span>\n\t\t\t\t\t\t<\/button>\n\t\t\t\t\t<\/div>\n\n\t\t\t\t\t<div class=\"row open-list-content\" data-close-target>\n\t\t\t\t\t\t<div class=\"col-md-2 col-text\">\n\t\t\t\t\t\t\t<p>Allons-y!   Veuillez retourner votre formulaire rempli \u00e0 l\u2019adresse suivante <a href=\"accountsreceivable@trans\u00adpro.com\">accountsreceivable@trans\u00adpro.com<\/a><\/p>\n\t\t\t\t\t\t\t<div class=\"arrow\"><i class=\"icon-long-arrow-right\" aria-hidden=\"true\"><\/i><\/div>\n\t\t\t\t\t\t<\/div>\n\n\t\t\t\t\t\t<div class=\"col-md-8 offset-md-2 flex-wrapper\">\n\t\t\t\t\t\t\t\n\t\t\t\t\t\t\t\t<div class=\"stretcher\">\n\t\t\t\t\t\t\t\t\t<div class=\"open-collapse-wrapper\" >\n\t\t\t\t\t\t\t\t\t\t<div class=\"open-collapse-title\" >\n\t\t\t\t\t\t\t\t\t\t\t<div class=\"title-3\">Demande de Cr\u00e9dit<\/div>\n\t\t\t\t\t\t\t\t\t\t\t<div class=\"doc-info-wrapper\">\n\t\t\t\t\t\t\t\t\t\t\t\t\t\t\t\t\t\t\t\t\t\t\t\t\t<div class=\"doc-date\">20.09.2022<\/div>\n\t\t\t\t\t\t\t\t\t\t\t\t\t\t\t\t\t\t\t\t\t\t\t\t<div class=\"doc-cat\">Document PDF<\/div>\n\t\t\t\t\t\t\t\t\t\t\t<\/div>\n\t\t\t\t\t\t\t\t\t\t<\/div>\n\n\t\t\t\t\t\t\t\t\t\t<div class=\"open-collapse-content\">\n\t\t\t\t\t\t\t\t\t\t\t<div class=\"content\">\n\t\t\t\t\t\t\t\t\t\t\t\t<div class=\"description\">D\u00e9sirez-vous payer votre transport par carte de cr\u00e9dit?   Veuillez remplir le formulaire pour acc\u00e9l\u00e9rer le processus de traitement de la demande par paiement par carte de cr\u00e9dit<\/div>\n\t\t\t\t\t\t\t\t\t\t\t<\/div>\n\n\t\t\t\t\t\t\t\t\t\t\t\t\t\t\t\t\t\t\t\t\t\t\n\t\t\t\t\t\t\t\t\t\t\t\t\t\t\t\t\t\t\t\t\t\t\t<div class=\"btns\">\n\t\t\t\t\t\t\t\t\t\t\t\t\t\t\t\t<a href=\"https:\/\/s3.ca-central-1.amazonaws.com\/cdn.trans-pro.com\/wp-content\/uploads\/2022\/11\/Credit-Application-Franco.pdf\" \n\t\t\t\t\tclass=\"button button-download \" \n\t\t\t\t\t target=\"_blank\" rel=\"noopener\" \n\t\t\t\t\t>\n\t\t\t\t\t<span class=\"arrow left\"><i class=\"icon-long-arrow-right\" aria-hidden=\"true\"><\/i><\/span>\n\t\t\t\t\t<span class=\"text\">T\u00e9l\u00e9charger un fichier<\/span>\n\t\t\t\t\t<span class=\"arrow right\"><i class=\"icon-long-arrow-right\" aria-hidden=\"true\"><\/i><\/span>\n\n\t\t\t\t\t\t\t\t\t\t\t<span class=\"icon\">\n\t\t\t\t\t\t\t<i class=\"icon-download\" aria-hidden=\"true\"><\/i>\n\t\t\t\t\t\t<\/span>\n\t\t\t\t\t\t\t\t\t<\/a>\n\t\t\t\t\t\t\t\t\t\t\t\t\t\t\t<\/div>\n\t\t\t\t\t\t\t\t\t\t\t\t\t\t\t\t\t\t\t\t\t<\/div>\n\t\t\t\t\t\t\t\t\t<\/div>\n\t\t\t\t\t\t\t\t<\/div>\n\t\t\t\t\t\t\t\n\t\t\t\t\t\t\t\t<div class=\"stretcher\">\n\t\t\t\t\t\t\t\t\t<div class=\"open-collapse-wrapper\" >\n\t\t\t\t\t\t\t\t\t\t<div class=\"open-collapse-title\" >\n\t\t\t\t\t\t\t\t\t\t\t<div class=\"title-3\">Autorisation de Cr\u00e9dit<\/div>\n\t\t\t\t\t\t\t\t\t\t\t<div class=\"doc-info-wrapper\">\n\t\t\t\t\t\t\t\t\t\t\t\t\t\t\t\t\t\t\t\t\t\t\t\t\t<div class=\"doc-date\">01.08.2022<\/div>\n\t\t\t\t\t\t\t\t\t\t\t\t\t\t\t\t\t\t\t\t\t\t\t\t<div class=\"doc-cat\">Document PDF<\/div>\n\t\t\t\t\t\t\t\t\t\t\t<\/div>\n\t\t\t\t\t\t\t\t\t\t<\/div>\n\n\t\t\t\t\t\t\t\t\t\t<div class=\"open-collapse-content\">\n\t\t\t\t\t\t\t\t\t\t\t<div class=\"content\">\n\t\t\t\t\t\t\t\t\t\t\t\t<div class=\"description\">Etes vous un nouveau client?  Nous devrons proc\u00e9der \u00e0 une enqu\u00eate de cr\u00e9dit. Pour proc\u00e9der efficacement \u00e0 l&#8217;ouverture de votre compte, veuillez remplir le formulaire d&#8217;enqu\u00eate de cr\u00e9dit<\/div>\n\t\t\t\t\t\t\t\t\t\t\t<\/div>\n\n\t\t\t\t\t\t\t\t\t\t\t\t\t\t\t\t\t\t\t\t\t\t\n\t\t\t\t\t\t\t\t\t\t\t\t\t\t\t\t\t\t\t\t\t\t\t<div class=\"btns\">\n\t\t\t\t\t\t\t\t\t\t\t\t\t\t\t\t<a href=\"https:\/\/s3.ca-central-1.amazonaws.com\/cdn.trans-pro.com\/wp-content\/uploads\/2022\/11\/Franco-Carte-de-credit-Autorisation1.pdf\" \n\t\t\t\t\tclass=\"button button-download \" \n\t\t\t\t\t target=\"_blank\" rel=\"noopener\" \n\t\t\t\t\t>\n\t\t\t\t\t<span class=\"arrow left\"><i class=\"icon-long-arrow-right\" aria-hidden=\"true\"><\/i><\/span>\n\t\t\t\t\t<span class=\"text\">T\u00e9l\u00e9charger un fichier<\/span>\n\t\t\t\t\t<span class=\"arrow right\"><i class=\"icon-long-arrow-right\" aria-hidden=\"true\"><\/i><\/span>\n\n\t\t\t\t\t\t\t\t\t\t\t<span class=\"icon\">\n\t\t\t\t\t\t\t<i class=\"icon-download\" aria-hidden=\"true\"><\/i>\n\t\t\t\t\t\t<\/span>\n\t\t\t\t\t\t\t\t\t<\/a>\n\t\t\t\t\t\t\t\t\t\t\t\t\t\t\t<\/div>\n\t\t\t\t\t\t\t\t\t\t\t\t\t\t\t\t\t\t\t\t\t<\/div>\n\t\t\t\t\t\t\t\t\t<\/div>\n\t\t\t\t\t\t\t\t<\/div>\n\t\t\t\t\t\t\t\t\t\t\t\t\t<\/div>\n\t\t\t\t\t<\/div>\n\t\t\t\t<\/div>\n\t\t\t\t\t\t\t<\/div>\n\t\t<\/div>\n\t<\/section>\n\n\t\t","protected":false},"excerpt":{"rendered":"","protected":false},"author":3,"featured_media":0,"parent":0,"menu_order":36,"comment_status":"closed","ping_status":"closed","template":"","meta":{"_acf_changed":false,"footnotes":""},"acf":[],"yoast_head":"<!-- This site is optimized with the Yoast SEO plugin v22.7 - https:\/\/yoast.com\/wordpress\/plugins\/seo\/ -->\n<title>Ressources - Trans-Pro<\/title>\n<meta name=\"description\" content=\"Cliquez ici pour voir toutes les ressources de Trans-Pro. Trouvez des resources, les documents necessaires et plus ici.\" \/>\n<meta name=\"robots\" content=\"index, follow, max-snippet:-1, max-image-preview:large, max-video-preview:-1\" \/>\n<link rel=\"canonical\" href=\"https:\/\/fr.trans-pro.com\/fr\/ressources\/\" \/>\n<meta property=\"og:locale\" content=\"fr_FR\" \/>\n<meta property=\"og:type\" content=\"article\" \/>\n<meta property=\"og:title\" content=\"Ressources - Trans-Pro\" \/>\n<meta property=\"og:description\" content=\"Cliquez ici pour voir toutes les ressources de Trans-Pro. Trouvez des resources, les documents necessaires et plus ici.\" \/>\n<meta property=\"og:url\" content=\"https:\/\/fr.trans-pro.com\/fr\/ressources\/\" \/>\n<meta property=\"og:site_name\" content=\"Trans-Pro\" \/>\n<meta property=\"article:modified_time\" content=\"2022-11-21T21:04:22+00:00\" \/>\n<meta name=\"twitter:card\" content=\"summary_large_image\" \/>\n<script type=\"application\/ld+json\" class=\"yoast-schema-graph\">{\"@context\":\"https:\/\/schema.org\",\"@graph\":[{\"@type\":\"WebPage\",\"@id\":\"https:\/\/fr.trans-pro.com\/fr\/ressources\/\",\"url\":\"https:\/\/fr.trans-pro.com\/fr\/ressources\/\",\"name\":\"Ressources - Trans-Pro\",\"isPartOf\":{\"@id\":\"https:\/\/fr.trans-pro.com\/fr\/#website\"},\"datePublished\":\"2022-06-29T15:50:54+00:00\",\"dateModified\":\"2022-11-21T21:04:22+00:00\",\"description\":\"Cliquez ici pour voir toutes les ressources de Trans-Pro. Trouvez des resources, les documents necessaires et plus ici.\",\"breadcrumb\":{\"@id\":\"https:\/\/fr.trans-pro.com\/fr\/ressources\/#breadcrumb\"},\"inLanguage\":\"fr-FR\",\"potentialAction\":[{\"@type\":\"ReadAction\",\"target\":[\"https:\/\/fr.trans-pro.com\/fr\/ressources\/\"]}]},{\"@type\":\"BreadcrumbList\",\"@id\":\"https:\/\/fr.trans-pro.com\/fr\/ressources\/#breadcrumb\",\"itemListElement\":[{\"@type\":\"ListItem\",\"position\":1,\"name\":\"Home\",\"item\":\"https:\/\/trans-pro.com\/fr\/\"},{\"@type\":\"ListItem\",\"position\":2,\"name\":\"Ressources\"}]},{\"@type\":\"WebSite\",\"@id\":\"https:\/\/fr.trans-pro.com\/fr\/#website\",\"url\":\"https:\/\/fr.trans-pro.com\/fr\/\",\"name\":\"Trans-Pro\",\"description\":\"Just another WordPress site\",\"potentialAction\":[{\"@type\":\"SearchAction\",\"target\":{\"@type\":\"EntryPoint\",\"urlTemplate\":\"https:\/\/fr.trans-pro.com\/fr\/?s={search_term_string}\"},\"query-input\":\"required name=search_term_string\"}],\"inLanguage\":\"fr-FR\"}]}<\/script>\n<!-- \/ Yoast SEO plugin. -->","yoast_head_json":{"title":"Ressources - Trans-Pro","description":"Cliquez ici pour voir toutes les ressources de Trans-Pro. Trouvez des resources, les documents necessaires et plus ici.","robots":{"index":"index","follow":"follow","max-snippet":"max-snippet:-1","max-image-preview":"max-image-preview:large","max-video-preview":"max-video-preview:-1"},"canonical":"https:\/\/fr.trans-pro.com\/fr\/ressources\/","og_locale":"fr_FR","og_type":"article","og_title":"Ressources - Trans-Pro","og_description":"Cliquez ici pour voir toutes les ressources de Trans-Pro. Trouvez des resources, les documents necessaires et plus ici.","og_url":"https:\/\/fr.trans-pro.com\/fr\/ressources\/","og_site_name":"Trans-Pro","article_modified_time":"2022-11-21T21:04:22+00:00","twitter_card":"summary_large_image","schema":{"@context":"https:\/\/schema.org","@graph":[{"@type":"WebPage","@id":"https:\/\/fr.trans-pro.com\/fr\/ressources\/","url":"https:\/\/fr.trans-pro.com\/fr\/ressources\/","name":"Ressources - Trans-Pro","isPartOf":{"@id":"https:\/\/fr.trans-pro.com\/fr\/#website"},"datePublished":"2022-06-29T15:50:54+00:00","dateModified":"2022-11-21T21:04:22+00:00","description":"Cliquez ici pour voir toutes les ressources de Trans-Pro. Trouvez des resources, les documents necessaires et plus ici.","breadcrumb":{"@id":"https:\/\/fr.trans-pro.com\/fr\/ressources\/#breadcrumb"},"inLanguage":"fr-FR","potentialAction":[{"@type":"ReadAction","target":["https:\/\/fr.trans-pro.com\/fr\/ressources\/"]}]},{"@type":"BreadcrumbList","@id":"https:\/\/fr.trans-pro.com\/fr\/ressources\/#breadcrumb","itemListElement":[{"@type":"ListItem","position":1,"name":"Home","item":"https:\/\/trans-pro.com\/fr\/"},{"@type":"ListItem","position":2,"name":"Ressources"}]},{"@type":"WebSite","@id":"https:\/\/fr.trans-pro.com\/fr\/#website","url":"https:\/\/fr.trans-pro.com\/fr\/","name":"Trans-Pro","description":"Just another WordPress site","potentialAction":[{"@type":"SearchAction","target":{"@type":"EntryPoint","urlTemplate":"https:\/\/fr.trans-pro.com\/fr\/?s={search_term_string}"},"query-input":"required name=search_term_string"}],"inLanguage":"fr-FR"}]}},"_links":{"self":[{"href":"https:\/\/fr.trans-pro.com\/fr\/wp-json\/wp\/v2\/pages\/146"}],"collection":[{"href":"https:\/\/fr.trans-pro.com\/fr\/wp-json\/wp\/v2\/pages"}],"about":[{"href":"https:\/\/fr.trans-pro.com\/fr\/wp-json\/wp\/v2\/types\/page"}],"author":[{"embeddable":true,"href":"https:\/\/fr.trans-pro.com\/fr\/wp-json\/wp\/v2\/users\/3"}],"replies":[{"embeddable":true,"href":"https:\/\/fr.trans-pro.com\/fr\/wp-json\/wp\/v2\/comments?post=146"}],"version-history":[{"count":4,"href":"https:\/\/fr.trans-pro.com\/fr\/wp-json\/wp\/v2\/pages\/146\/revisions"}],"predecessor-version":[{"id":2367,"href":"https:\/\/fr.trans-pro.com\/fr\/wp-json\/wp\/v2\/pages\/146\/revisions\/2367"}],"wp:attachment":[{"href":"https:\/\/fr.trans-pro.com\/fr\/wp-json\/wp\/v2\/media?parent=146"}],"curies":[{"name":"wp","href":"https:\/\/api.w.org\/{rel}","templated":true}]}}